{"id":107,"date":"2025-07-10T10:23:33","date_gmt":"2025-07-10T10:23:33","guid":{"rendered":"https:\/\/hasaasistencial.com\/?page_id=107"},"modified":"2025-07-10T10:23:50","modified_gmt":"2025-07-10T10:23:50","slug":"politica-de-privacidad","status":"publish","type":"page","link":"https:\/\/hasaasistencial.com\/?page_id=107","title":{"rendered":"Pol\u00edtica de Privacidad"},"content":{"rendered":"<p>[et_pb_section fb_built=\u00bb1&#8243; _builder_version=\u00bb4.27.4&#8243; _module_preset=\u00bbdefault\u00bb background_color=\u00bb#303180&#8243; custom_margin=\u00bb0px||0px||false|false\u00bb custom_padding=\u00bb0px||0px||false|false\u00bb global_colors_info=\u00bb{}\u00bb theme_builder_area=\u00bbpost_content\u00bb][et_pb_row _builder_version=\u00bb4.27.4&#8243; _module_preset=\u00bbdefault\u00bb global_colors_info=\u00bb{}\u00bb theme_builder_area=\u00bbpost_content\u00bb][et_pb_column type=\u00bb4_4&#8243; _builder_version=\u00bb4.27.4&#8243; _module_preset=\u00bbdefault\u00bb global_colors_info=\u00bb{}\u00bb theme_builder_area=\u00bbpost_content\u00bb][et_pb_text _builder_version=\u00bb4.27.4&#8243; _module_preset=\u00bbdefault\u00bb header_font=\u00bb|700|||||||\u00bb header_text_color=\u00bb#E02B20&#8243; global_colors_info=\u00bb{}\u00bb theme_builder_area=\u00bbpost_content\u00bb]<\/p>\n<h1>Pol\u00edtica de Privacidad<\/h1>\n<p>[\/et_pb_text][\/et_pb_column][\/et_pb_row][\/et_pb_section][et_pb_section fb_built=\u00bb1&#8243; _builder_version=\u00bb4.27.4&#8243; _module_preset=\u00bbdefault\u00bb background_image=\u00bbhttps:\/\/hasaasistencial.com\/wp-content\/uploads\/2025\/07\/13684518_5329445-scaled.jpg\u00bb parallax=\u00bbon\u00bb parallax_method=\u00bboff\u00bb hover_enabled=\u00bb0&#8243; global_colors_info=\u00bb{}\u00bb theme_builder_area=\u00bbpost_content\u00bb custom_padding=\u00bb0px||||false|false\u00bb sticky_enabled=\u00bb0&#8243;][et_pb_row _builder_version=\u00bb4.27.4&#8243; _module_preset=\u00bbdefault\u00bb hover_enabled=\u00bb0&#8243; global_colors_info=\u00bb{}\u00bb theme_builder_area=\u00bbpost_content\u00bb custom_padding=\u00bb0px||||false|false\u00bb sticky_enabled=\u00bb0&#8243;][et_pb_column type=\u00bb4_4&#8243; _builder_version=\u00bb4.27.4&#8243; _module_preset=\u00bbdefault\u00bb global_colors_info=\u00bb{}\u00bb theme_builder_area=\u00bbpost_content\u00bb][et_pb_text _builder_version=\u00bb4.27.4&#8243; _module_preset=\u00bbdefault\u00bb theme_builder_area=\u00bbpost_content\u00bb hover_enabled=\u00bb0&#8243; sticky_enabled=\u00bb0&#8243;]<\/p>\n<p>&nbsp;<\/p>\n<p><span style=\"color: #303180;\"><strong>INFORMACI\u00d3N GENERAL<\/strong><\/span><\/p>\n<p>Dando cumplimiento de la obligaci\u00f3n impuesta por el art\u00edculo 10 de la Ley 34\/2002 Servicios de la Sociedad de la Informaci\u00f3n y de Comercio Electr\u00f3nico, le informamos que el titular de esta p\u00e1gina Web https:\/\/hasaasistencial.com es Huelva Asistencial S.A. . (HASA) con N.I.F. N\u00ba A21289533 y domicilio en la Calle Rascon 47 de Huelva, 21001. Contando con la siguiente direcci\u00f3n de correo electr\u00f3nico para contactar con HASA: info@hasaasistencial.com<\/p>\n<p><span style=\"color: #303180;\"><strong>POLITICA DE PRIVACIDAD DE DATOS PERSONALES<\/strong><\/span><\/p>\n<p>HASA, le informa de los tratamientos de datos de car\u00e1cter personal que realiza, como responsable, por medio del sitio Web https:\/\/hasaasistencial.com<\/p>\n<p>Entendiendo por datos de car\u00e1cter personal a cualquier informaci\u00f3n num\u00e9rica, alfab\u00e9tica, gr\u00e1fica, fotogr\u00e1fica, ac\u00fastica o de cualquier otro tipo concerniente a personas f\u00edsicas identificadas o identificables. Y por tratamiento de datos personales las operaciones y procedimientos t\u00e9cnicos de car\u00e1cter automatizado o no, que permitan la recogida, grabaci\u00f3n, conservaci\u00f3n, elaboraci\u00f3n, modificaci\u00f3n, bloqueo y cancelaci\u00f3n, as\u00ed como las cesiones de datos que resulten de comunicaciones, consultas, interconexiones y transferencias.<\/p>\n<p><strong>Recogida de datos de car\u00e1cter personal<\/strong><\/p>\n<p>HASA informa que la recogida de datos de car\u00e1cter personal de las personas que acceden y usan la p\u00e1gina Web podr\u00e1 realizarse, principalmente, a trav\u00e9s de:<\/p>\n<p>Cumplimentando el formulario de M\u00e1s informaci\u00f3n<\/p>\n<p>Cumplimentando el formulario de Denuncias<\/p>\n<p>Env\u00edo de un correo electr\u00f3nico a las direcciones info@hasaasistencial.com<\/p>\n<p>Esta recogida de datos por parte de HASA de los usuarios de la p\u00e1gina web es voluntaria, no estando obligado el usuario que accede y navega a la web a facilitar sus datos de car\u00e1cter personal tanto por medio de los correos electr\u00f3nicos como por la cumplimentaci\u00f3n de los formularios.<\/p>\n<p>Los datos de car\u00e1cter personal que pueda facilitar a HASA por medio del correo electr\u00f3nico, mensajer\u00eda o la cumplimentaci\u00f3n de formularios ser\u00e1n tratados por HASA como responsable, siendo voluntaria la entrega de dichos datos de car\u00e1cter personal. La comunicaci\u00f3n de datos por el usuario siempre debe ser veraz y actual.<\/p>\n<p>Si el usuario no desea que HASA someta a tratamiento sus datos personales, deber\u00e1 abstenerse de remitir correos electr\u00f3nicos y cumplimentar los formularios existentes en el sitio Web. En cualquier caso, HASA le informa de las condiciones en que se recogen datos personales y las finalidades con las que van a ser utilizados, de la obligaci\u00f3n de facilitarlos o no, de los derechos que asisten al usuario, de las condiciones en que se pueden ejercitar, y de cualquier otra informaci\u00f3n complementaria que resulte necesaria.<\/p>\n<p>Si la persona que facilita sus datos de car\u00e1cter personal es incapaz o menor de edad, se le advierte que debe contar con el consentimiento de su representante legal o tutor para comunicar sus datos y consentir los tratamientos de datos, debiendo abstenerse de facilitar sus datos si no cuenta con el consentimiento de su representante legal o tutor, no siendo en su caso HASA responsable de las actuaciones del incapaz o menor.<\/p>\n<p><strong>Finalidades de los tratamientos<\/strong><\/p>\n<p>Respecto a las finalidades de los tratamientos de datos de car\u00e1cter personal recogidos por medio de los correos electr\u00f3nicos y los formularios, ser\u00e1n informadas en los formularios de recogida y la indicaci\u00f3n de las cuentas de correo electr\u00f3nico donde dirigir los e-mails, que en su caso ser\u00e1n atender las peticiones y consultas realizadas, remitirles informaci\u00f3n y documentaci\u00f3n solicitada y poder contactar con usted; incluir sus datos en los ficheros de contactos de HASA, y mantener un hist\u00f3rico de las relaciones y comunicaciones mantenidas.<\/p>\n<p>Al facilitar sus datos de car\u00e1cter personal tanto por correo electr\u00f3nico como por mensajer\u00eda o la cumplimentaci\u00f3n de los formularios, el usuario consiente el tratamiento de sus datos para los fines que se le indican.<\/p>\n<p>HASA no realizar\u00e1 tratamientos invisibles con los datos personales que identifiquen a los usuarios, sin previa autorizaci\u00f3n de estos.<\/p>\n<p><span style=\"color: #303180;\"><strong>DERECHOS DE LOS USUARIOS<\/strong><\/span><\/p>\n<p>HASA, informa a los usuarios de los derechos que le asisten como titulares de los datos de car\u00e1cter personal que pueden facilitar por medio del correo electr\u00f3nico, mensajer\u00eda o la cumplimentaci\u00f3n de los formularios.<\/p>\n<p>El usuario podr\u00e1 en todo momento conocer que datos han sido recabados y tratados por HASA sobre su persona; rectificar la informaci\u00f3n que resulte inexacta; cancelar dichos datos u oponerse a su tratamiento, limitado este \u00faltimo derecho a los casos en que no sea necesario su consentimiento para el tratamiento de sus datos, siempre que una ley no disponga lo contrario.<\/p>\n<p>El usuario podr\u00e1 acceder, modificar o cancelar sus datos comunic\u00e1ndolo a HASA en cualquier momento, si bien el ejercicio formal de estos derechos por parte del usuario al amparo de la Ley Org\u00e1nica 15\/1999 de protecci\u00f3n de datos de car\u00e1cter personal deber realizarse por alg\u00fan medio que demuestre la identidad de la persona, como una comunicaci\u00f3n escrita, junto con la fotocopia del Documento Nacional de Identidad u otro medio v\u00e1lido en derecho que acredite la identidad del usuario, a la siguiente direcci\u00f3n: Huelva Asistencial S.A. Calle Rascon 47 de Huelva, 21001, o aquella que le sustituya en el Registro General de Protecci\u00f3n de Datos; o por medio de un correo electr\u00f3nico firmado con firma electr\u00f3nica avanzada. Las comunicaciones contendr\u00e1n la siguiente informaci\u00f3n: nombre y apellidos del usuario, petici\u00f3n que solicita, domicilio a efectos de notificaci\u00f3n, fecha y firma, y en su caso, los documentos acreditativos de la petici\u00f3n que formula.<\/p>\n<p>Estos derechos de acceso, rectificaci\u00f3n y cancelaci\u00f3n son personal\u00edsimos, pudiendo \u00fanicamente el usuario titular de los datos ejercitarlos. No obstante, cuando as\u00ed se admita, el representante legal autorizado por el usuario, podr\u00e1 ejercitar los derechos del titular de los datos, siempre que acompa\u00f1e al ejercicio del derecho el documento que acredite tal representaci\u00f3n.<\/p>\n<p>Informando que el ejercicio de un derecho por un tercero no titular de los datos y no autorizado por el titular, podr\u00e1 suponer la comisi\u00f3n de un delito de descubrimiento y revelaci\u00f3n de secretos del apartado segundo del art\u00edculo 197 del C\u00f3digo Penal.<\/p>\n<p><span style=\"color: #303180;\"><strong>SEGURIDAD Y CONFIDENCIALIDAD<\/strong><\/span><\/p>\n<p>HASA custodia los datos de car\u00e1cter personal recabados de los usuarios, implantando las medidas de seguridad exigidas por la normativa sobre protecci\u00f3n de datos de car\u00e1cter personal, y exigiendo la confidencialidad de los datos de car\u00e1cter personal a todas las personas bajo su responsabilidad que accedan o traten los datos personales.<\/p>\n<p>[\/et_pb_text][\/et_pb_column][\/et_pb_row][\/et_pb_section]<\/p>\n","protected":false},"excerpt":{"rendered":"<p>Pol\u00edtica de Privacidad&nbsp; INFORMACI\u00d3N GENERAL Dando cumplimiento de la obligaci\u00f3n impuesta por el art\u00edculo 10 de la Ley 34\/2002 Servicios de la Sociedad de la Informaci\u00f3n y de Comercio Electr\u00f3nico, le informamos que el titular de esta p\u00e1gina Web https:\/\/hasaasistencial.com es Huelva Asistencial S.A. . (HASA) con N.I.F. N\u00ba A21289533 y domicilio en la Calle [&hellip;]<\/p>\n","protected":false},"author":2,"featured_media":0,"parent":0,"menu_order":0,"comment_status":"closed","ping_status":"closed","template":"","meta":{"_et_pb_use_builder":"on","_et_pb_old_content":"","_et_gb_content_width":"","footnotes":""},"class_list":["post-107","page","type-page","status-publish","hentry"],"_links":{"self":[{"href":"https:\/\/hasaasistencial.com\/index.php?rest_route=\/wp\/v2\/pages\/107","targetHints":{"allow":["GET"]}}],"collection":[{"href":"https:\/\/hasaasistencial.com\/index.php?rest_route=\/wp\/v2\/pages"}],"about":[{"href":"https:\/\/hasaasistencial.com\/index.php?rest_route=\/wp\/v2\/types\/page"}],"author":[{"embeddable":true,"href":"https:\/\/hasaasistencial.com\/index.php?rest_route=\/wp\/v2\/users\/2"}],"replies":[{"embeddable":true,"href":"https:\/\/hasaasistencial.com\/index.php?rest_route=%2Fwp%2Fv2%2Fcomments&post=107"}],"version-history":[{"count":2,"href":"https:\/\/hasaasistencial.com\/index.php?rest_route=\/wp\/v2\/pages\/107\/revisions"}],"predecessor-version":[{"id":110,"href":"https:\/\/hasaasistencial.com\/index.php?rest_route=\/wp\/v2\/pages\/107\/revisions\/110"}],"wp:attachment":[{"href":"https:\/\/hasaasistencial.com\/index.php?rest_route=%2Fwp%2Fv2%2Fmedia&parent=107"}],"curies":[{"name":"wp","href":"https:\/\/api.w.org\/{rel}","templated":true}]}}